{"id":12343,"date":"2020-12-28T11:35:44","date_gmt":"2020-12-28T10:35:44","guid":{"rendered":"http:\/\/www.astrotao.com?page_id=12343"},"modified":"2026-01-31T21:22:37","modified_gmt":"2026-01-31T20:22:37","slug":"calendrier-evenements","status":"publish","type":"page","link":"https:\/\/astrotao.com\/index.php\/calendrier-evenements\/","title":{"rendered":"Stages &amp; Formation"},"content":{"rendered":"\t\t<div data-elementor-type=\"wp-page\" data-elementor-id=\"12343\" class=\"elementor elementor-12343\">\n\t\t\t\t\t\t<section class=\"elementor-section elementor-top-section elementor-element elementor-element-5af4318 elementor-section-boxed elementor-section-height-default elementor-section-height-default\" data-id=\"5af4318\" data-element_type=\"section\" data-e-type=\"section\">\n\t\t\t\t\t\t<div class=\"elementor-container elementor-column-gap-default\">\n\t\t\t\t\t<div class=\"elementor-column elementor-col-100 elementor-top-column elementor-element elementor-element-072e93f\" data-id=\"072e93f\" data-element_type=\"column\" data-e-type=\"column\">\n\t\t\t<div class=\"elementor-widget-wrap elementor-element-populated\">\n\t\t\t\t\t\t<div class=\"elementor-element elementor-element-fd17b93 elementor-widget elementor-widget-heading\" data-id=\"fd17b93\" data-element_type=\"widget\" data-e-type=\"widget\" data-widget_type=\"heading.default\">\n\t\t\t\t<div class=\"elementor-widget-container\">\n\t\t\t\t\t<h2 class=\"elementor-heading-title elementor-size-default\">Ev\u00e9nements et stages en Astrologie (IAA)<\/h2>\t\t\t\t<\/div>\n\t\t\t\t<\/div>\n\t\t\t\t<div class=\"elementor-element elementor-element-698f063 elementor-widget elementor-widget-text-editor\" data-id=\"698f063\" data-element_type=\"widget\" data-e-type=\"widget\" data-widget_type=\"text-editor.default\">\n\t\t\t\t<div class=\"elementor-widget-container\">\n\t\t\t\t\t\t\t\t\t<p class=\"has-text-align-center\">Retrouverez tous les \u00e9v\u00e9nements, stages&#8230;<\/p>\n<p class=\"has-text-align-center\"><b>en<\/b>&nbsp;<a href=\"https:\/\/astrotao.com\/index.php\/formations-aai\/\"><strong>Astrologie de l&rsquo;Alchimie Interne<\/strong><\/a> !<\/p>\t\t\t\t\t\t\t\t<\/div>\n\t\t\t\t<\/div>\n\t\t\t\t<div class=\"elementor-element elementor-element-f8d39e2 elementor-widget elementor-widget-image\" data-id=\"f8d39e2\" data-element_type=\"widget\" data-e-type=\"widget\" data-widget_type=\"image.default\">\n\t\t\t\t<div class=\"elementor-widget-container\">\n\t\t\t\t\t\t\t\t\t\t\t\t\t\t\t<img decoding=\"async\" width=\"327\" height=\"29\" src=\"https:\/\/astrotao.com\/wp-content\/uploads\/2020\/09\/point-separation.png\" class=\"attachment-large size-large wp-image-12281\" alt=\"\" srcset=\"https:\/\/astrotao.com\/wp-content\/uploads\/2020\/09\/point-separation.png 327w, https:\/\/astrotao.com\/wp-content\/uploads\/2020\/09\/point-separation-300x27.png 300w\" sizes=\"(max-width: 327px) 100vw, 327px\" \/>\t\t\t\t\t\t\t\t\t\t\t\t\t\t\t<\/div>\n\t\t\t\t<\/div>\n\t\t\t\t\t<\/div>\n\t\t<\/div>\n\t\t\t\t\t<\/div>\n\t\t<\/section>\n\t\t\t\t<section class=\"elementor-section elementor-top-section elementor-element elementor-element-05b8ee6 elementor-section-boxed elementor-section-height-default elementor-section-height-default\" data-id=\"05b8ee6\" data-element_type=\"section\" data-e-type=\"section\">\n\t\t\t\t\t\t<div class=\"elementor-container elementor-column-gap-default\">\n\t\t\t\t\t<div class=\"elementor-column elementor-col-100 elementor-top-column elementor-element elementor-element-76484ca\" data-id=\"76484ca\" data-element_type=\"column\" data-e-type=\"column\">\n\t\t\t<div class=\"elementor-widget-wrap\">\n\t\t\t\t\t\t\t<\/div>\n\t\t<\/div>\n\t\t\t\t\t<\/div>\n\t\t<\/section>\n\t\t\t\t<section class=\"elementor-section elementor-top-section elementor-element elementor-element-276b320 elementor-section-boxed elementor-section-height-default elementor-section-height-default\" data-id=\"276b320\" data-element_type=\"section\" data-e-type=\"section\">\n\t\t\t\t\t\t<div class=\"elementor-container elementor-column-gap-default\">\n\t\t\t\t\t<div class=\"elementor-column elementor-col-100 elementor-top-column elementor-element elementor-element-2569a95\" data-id=\"2569a95\" data-element_type=\"column\" data-e-type=\"column\">\n\t\t\t<div class=\"elementor-widget-wrap elementor-element-populated\">\n\t\t\t\t\t\t<div class=\"elementor-element elementor-element-ac81fb4 elementor-widget__width-initial elementor-widget elementor-widget-text-editor\" data-id=\"ac81fb4\" data-element_type=\"widget\" data-e-type=\"widget\" data-widget_type=\"text-editor.default\">\n\t\t\t\t<div class=\"elementor-widget-container\">\n\t\t\t\t\t\t\t\t\t<p>Conf\u00e9rence de Mars 2026 :<\/p><p><em>date \u00e0 venir<\/em><\/p><p>Comment l&rsquo;ann\u00e9e 2026 du Cheval de Feu Yang impacte votre carte \u00e9nerg\u00e9tique personnelle ?<\/p><p>Conf\u00e9rence r\u00e9serv\u00e9e aux\u00a0 inscrits \u00e0 la newsletter ou envoyez un email \u00e0 info@astrotao.com<\/p><p>A tr\u00e8s bient\u00f4t !<\/p>\t\t\t\t\t\t\t\t<\/div>\n\t\t\t\t<\/div>\n\t\t\t\t<div class=\"elementor-element elementor-element-548b03b elementor-widget elementor-widget-image\" data-id=\"548b03b\" data-element_type=\"widget\" data-e-type=\"widget\" data-widget_type=\"image.default\">\n\t\t\t\t<div class=\"elementor-widget-container\">\n\t\t\t\t\t\t\t\t\t\t\t\t\t\t\t<img decoding=\"async\" width=\"327\" height=\"29\" src=\"https:\/\/astrotao.com\/wp-content\/uploads\/2020\/09\/point-separation.png\" class=\"attachment-large size-large wp-image-12281\" alt=\"\" srcset=\"https:\/\/astrotao.com\/wp-content\/uploads\/2020\/09\/point-separation.png 327w, https:\/\/astrotao.com\/wp-content\/uploads\/2020\/09\/point-separation-300x27.png 300w\" sizes=\"(max-width: 327px) 100vw, 327px\" \/>\t\t\t\t\t\t\t\t\t\t\t\t\t\t\t<\/div>\n\t\t\t\t<\/div>\n\t\t\t\t\t<\/div>\n\t\t<\/div>\n\t\t\t\t\t<\/div>\n\t\t<\/section>\n\t\t\t\t<\/div>\n\t\t","protected":false},"excerpt":{"rendered":"<p>Ev\u00e9nements et stages en Astrologie (IAA) Retrouverez tous les \u00e9v\u00e9nements,&hellip;<\/p>\n<p> <a class=\"more-link\" href=\"https:\/\/astrotao.com\/index.php\/calendrier-evenements\/\">Lire la suite<\/a><\/p>\n","protected":false},"author":1,"featured_media":12483,"parent":0,"menu_order":0,"comment_status":"closed","ping_status":"closed","template":"","meta":{"footnotes":""},"class_list":["post-12343","page","type-page","status-publish","has-post-thumbnail"],"yoast_head":"<!-- This site is optimized with the Yoast SEO plugin v27.6 - https:\/\/yoast.com\/product\/yoast-seo-wordpress\/ -->\n<title>Les Ev\u00e9nements de l&#039;ann\u00e9e \u00e0 ne pas manquer - Astro Tao<\/title>\n<meta name=\"description\" content=\"Envie de r\u00e9aliser vos niveaux IAA ? Consulter ici tous les Ev\u00e9nements et formations \u00e0 ne pas manquer.\" \/>\n<meta name=\"robots\" content=\"index, follow, max-snippet:-1, max-image-preview:large, max-video-preview:-1\" \/>\n<link rel=\"canonical\" href=\"https:\/\/astrotao.com\/index.php\/calendrier-evenements\/\" \/>\n<meta property=\"og:locale\" content=\"fr_FR\" \/>\n<meta property=\"og:type\" content=\"article\" \/>\n<meta property=\"og:title\" content=\"Les Ev\u00e9nements de l&#039;ann\u00e9e \u00e0 ne pas manquer - Astro Tao\" \/>\n<meta property=\"og:description\" content=\"Envie de r\u00e9aliser vos niveaux IAA ? Consulter ici tous les Ev\u00e9nements et formations \u00e0 ne pas manquer.\" \/>\n<meta property=\"og:url\" content=\"https:\/\/astrotao.com\/index.php\/calendrier-evenements\/\" \/>\n<meta property=\"og:site_name\" content=\"Astro Tao\" \/>\n<meta property=\"article:publisher\" content=\"https:\/\/www.facebook.com\/MantakChiaParis\/\" \/>\n<meta property=\"article:modified_time\" content=\"2026-01-31T20:22:37+00:00\" \/>\n<meta property=\"og:image\" content=\"https:\/\/astrotao.com\/wp-content\/uploads\/2020\/12\/AdobeStock_151191753-min-scaled.jpeg\" \/>\n\t<meta property=\"og:image:width\" content=\"2560\" \/>\n\t<meta property=\"og:image:height\" content=\"1696\" \/>\n\t<meta property=\"og:image:type\" content=\"image\/jpeg\" \/>\n<meta name=\"twitter:card\" content=\"summary_large_image\" \/>\n<meta name=\"twitter:label1\" content=\"Dur\u00e9e de lecture estim\u00e9e\" \/>\n\t<meta name=\"twitter:data1\" content=\"1 minute\" \/>\n<script type=\"application\/ld+json\" class=\"yoast-schema-graph\">{\"@context\":\"https:\\\/\\\/schema.org\",\"@graph\":[{\"@type\":[\"WebPage\",\"ItemPage\"],\"@id\":\"https:\\\/\\\/astrotao.com\\\/index.php\\\/calendrier-evenements\\\/\",\"url\":\"https:\\\/\\\/astrotao.com\\\/index.php\\\/calendrier-evenements\\\/\",\"name\":\"Les Ev\u00e9nements de l'ann\u00e9e \u00e0 ne pas manquer - Astro Tao\",\"isPartOf\":{\"@id\":\"https:\\\/\\\/astrotao.com\\\/#website\"},\"primaryImageOfPage\":{\"@id\":\"https:\\\/\\\/astrotao.com\\\/index.php\\\/calendrier-evenements\\\/#primaryimage\"},\"image\":{\"@id\":\"https:\\\/\\\/astrotao.com\\\/index.php\\\/calendrier-evenements\\\/#primaryimage\"},\"thumbnailUrl\":\"https:\\\/\\\/astrotao.com\\\/wp-content\\\/uploads\\\/2020\\\/12\\\/AdobeStock_151191753-min-scaled.jpeg\",\"datePublished\":\"2020-12-28T10:35:44+00:00\",\"dateModified\":\"2026-01-31T20:22:37+00:00\",\"description\":\"Envie de r\u00e9aliser vos niveaux IAA ? Consulter ici tous les Ev\u00e9nements et formations \u00e0 ne pas manquer.\",\"breadcrumb\":{\"@id\":\"https:\\\/\\\/astrotao.com\\\/index.php\\\/calendrier-evenements\\\/#breadcrumb\"},\"inLanguage\":\"fr-FR\",\"potentialAction\":[{\"@type\":\"ReadAction\",\"target\":[\"https:\\\/\\\/astrotao.com\\\/index.php\\\/calendrier-evenements\\\/\"]}]},{\"@type\":\"ImageObject\",\"inLanguage\":\"fr-FR\",\"@id\":\"https:\\\/\\\/astrotao.com\\\/index.php\\\/calendrier-evenements\\\/#primaryimage\",\"url\":\"https:\\\/\\\/astrotao.com\\\/wp-content\\\/uploads\\\/2020\\\/12\\\/AdobeStock_151191753-min-scaled.jpeg\",\"contentUrl\":\"https:\\\/\\\/astrotao.com\\\/wp-content\\\/uploads\\\/2020\\\/12\\\/AdobeStock_151191753-min-scaled.jpeg\",\"width\":2560,\"height\":1696,\"caption\":\"M\u00e9dallion Yin\\\/Yang -\u00a9AdobeStock\"},{\"@type\":\"BreadcrumbList\",\"@id\":\"https:\\\/\\\/astrotao.com\\\/index.php\\\/calendrier-evenements\\\/#breadcrumb\",\"itemListElement\":[{\"@type\":\"ListItem\",\"position\":1,\"name\":\"Accueil\",\"item\":\"https:\\\/\\\/astrotao.com\\\/\"},{\"@type\":\"ListItem\",\"position\":2,\"name\":\"Stages &amp; Formation\"}]},{\"@type\":\"WebSite\",\"@id\":\"https:\\\/\\\/astrotao.com\\\/#website\",\"url\":\"https:\\\/\\\/astrotao.com\\\/\",\"name\":\"Astro Tao\",\"description\":\"\",\"publisher\":{\"@id\":\"https:\\\/\\\/astrotao.com\\\/#organization\"},\"potentialAction\":[{\"@type\":\"SearchAction\",\"target\":{\"@type\":\"EntryPoint\",\"urlTemplate\":\"https:\\\/\\\/astrotao.com\\\/?s={search_term_string}\"},\"query-input\":{\"@type\":\"PropertyValueSpecification\",\"valueRequired\":true,\"valueName\":\"search_term_string\"}}],\"inLanguage\":\"fr-FR\"},{\"@type\":\"Organization\",\"@id\":\"https:\\\/\\\/astrotao.com\\\/#organization\",\"name\":\"Astro Tao\",\"url\":\"https:\\\/\\\/astrotao.com\\\/\",\"logo\":{\"@type\":\"ImageObject\",\"inLanguage\":\"fr-FR\",\"@id\":\"https:\\\/\\\/astrotao.com\\\/#\\\/schema\\\/logo\\\/image\\\/\",\"url\":\"https:\\\/\\\/astrotao.com\\\/wp-content\\\/uploads\\\/2021\\\/01\\\/Logo-Astro-TAO-final.gif\",\"contentUrl\":\"https:\\\/\\\/astrotao.com\\\/wp-content\\\/uploads\\\/2021\\\/01\\\/Logo-Astro-TAO-final.gif\",\"width\":723,\"height\":404,\"caption\":\"Astro Tao\"},\"image\":{\"@id\":\"https:\\\/\\\/astrotao.com\\\/#\\\/schema\\\/logo\\\/image\\\/\"},\"sameAs\":[\"https:\\\/\\\/www.facebook.com\\\/MantakChiaParis\\\/\",\"https:\\\/\\\/www.instagram.com\\\/mantakchiaparis\\\/\"]}]}<\/script>\n<!-- \/ Yoast SEO plugin. -->","yoast_head_json":{"title":"Les Ev\u00e9nements de l'ann\u00e9e \u00e0 ne pas manquer - Astro Tao","description":"Envie de r\u00e9aliser vos niveaux IAA ? Consulter ici tous les Ev\u00e9nements et formations \u00e0 ne pas manquer.","robots":{"index":"index","follow":"follow","max-snippet":"max-snippet:-1","max-image-preview":"max-image-preview:large","max-video-preview":"max-video-preview:-1"},"canonical":"https:\/\/astrotao.com\/index.php\/calendrier-evenements\/","og_locale":"fr_FR","og_type":"article","og_title":"Les Ev\u00e9nements de l'ann\u00e9e \u00e0 ne pas manquer - Astro Tao","og_description":"Envie de r\u00e9aliser vos niveaux IAA ? Consulter ici tous les Ev\u00e9nements et formations \u00e0 ne pas manquer.","og_url":"https:\/\/astrotao.com\/index.php\/calendrier-evenements\/","og_site_name":"Astro Tao","article_publisher":"https:\/\/www.facebook.com\/MantakChiaParis\/","article_modified_time":"2026-01-31T20:22:37+00:00","og_image":[{"width":2560,"height":1696,"url":"https:\/\/astrotao.com\/wp-content\/uploads\/2020\/12\/AdobeStock_151191753-min-scaled.jpeg","type":"image\/jpeg"}],"twitter_card":"summary_large_image","twitter_misc":{"Dur\u00e9e de lecture estim\u00e9e":"1 minute"},"schema":{"@context":"https:\/\/schema.org","@graph":[{"@type":["WebPage","ItemPage"],"@id":"https:\/\/astrotao.com\/index.php\/calendrier-evenements\/","url":"https:\/\/astrotao.com\/index.php\/calendrier-evenements\/","name":"Les Ev\u00e9nements de l'ann\u00e9e \u00e0 ne pas manquer - Astro Tao","isPartOf":{"@id":"https:\/\/astrotao.com\/#website"},"primaryImageOfPage":{"@id":"https:\/\/astrotao.com\/index.php\/calendrier-evenements\/#primaryimage"},"image":{"@id":"https:\/\/astrotao.com\/index.php\/calendrier-evenements\/#primaryimage"},"thumbnailUrl":"https:\/\/astrotao.com\/wp-content\/uploads\/2020\/12\/AdobeStock_151191753-min-scaled.jpeg","datePublished":"2020-12-28T10:35:44+00:00","dateModified":"2026-01-31T20:22:37+00:00","description":"Envie de r\u00e9aliser vos niveaux IAA ? Consulter ici tous les Ev\u00e9nements et formations \u00e0 ne pas manquer.","breadcrumb":{"@id":"https:\/\/astrotao.com\/index.php\/calendrier-evenements\/#breadcrumb"},"inLanguage":"fr-FR","potentialAction":[{"@type":"ReadAction","target":["https:\/\/astrotao.com\/index.php\/calendrier-evenements\/"]}]},{"@type":"ImageObject","inLanguage":"fr-FR","@id":"https:\/\/astrotao.com\/index.php\/calendrier-evenements\/#primaryimage","url":"https:\/\/astrotao.com\/wp-content\/uploads\/2020\/12\/AdobeStock_151191753-min-scaled.jpeg","contentUrl":"https:\/\/astrotao.com\/wp-content\/uploads\/2020\/12\/AdobeStock_151191753-min-scaled.jpeg","width":2560,"height":1696,"caption":"M\u00e9dallion Yin\/Yang -\u00a9AdobeStock"},{"@type":"BreadcrumbList","@id":"https:\/\/astrotao.com\/index.php\/calendrier-evenements\/#breadcrumb","itemListElement":[{"@type":"ListItem","position":1,"name":"Accueil","item":"https:\/\/astrotao.com\/"},{"@type":"ListItem","position":2,"name":"Stages &amp; Formation"}]},{"@type":"WebSite","@id":"https:\/\/astrotao.com\/#website","url":"https:\/\/astrotao.com\/","name":"Astro Tao","description":"","publisher":{"@id":"https:\/\/astrotao.com\/#organization"},"potentialAction":[{"@type":"SearchAction","target":{"@type":"EntryPoint","urlTemplate":"https:\/\/astrotao.com\/?s={search_term_string}"},"query-input":{"@type":"PropertyValueSpecification","valueRequired":true,"valueName":"search_term_string"}}],"inLanguage":"fr-FR"},{"@type":"Organization","@id":"https:\/\/astrotao.com\/#organization","name":"Astro Tao","url":"https:\/\/astrotao.com\/","logo":{"@type":"ImageObject","inLanguage":"fr-FR","@id":"https:\/\/astrotao.com\/#\/schema\/logo\/image\/","url":"https:\/\/astrotao.com\/wp-content\/uploads\/2021\/01\/Logo-Astro-TAO-final.gif","contentUrl":"https:\/\/astrotao.com\/wp-content\/uploads\/2021\/01\/Logo-Astro-TAO-final.gif","width":723,"height":404,"caption":"Astro Tao"},"image":{"@id":"https:\/\/astrotao.com\/#\/schema\/logo\/image\/"},"sameAs":["https:\/\/www.facebook.com\/MantakChiaParis\/","https:\/\/www.instagram.com\/mantakchiaparis\/"]}]}},"jetpack_sharing_enabled":true,"_links":{"self":[{"href":"https:\/\/astrotao.com\/index.php\/wp-json\/wp\/v2\/pages\/12343","targetHints":{"allow":["GET"]}}],"collection":[{"href":"https:\/\/astrotao.com\/index.php\/wp-json\/wp\/v2\/pages"}],"about":[{"href":"https:\/\/astrotao.com\/index.php\/wp-json\/wp\/v2\/types\/page"}],"author":[{"embeddable":true,"href":"https:\/\/astrotao.com\/index.php\/wp-json\/wp\/v2\/users\/1"}],"replies":[{"embeddable":true,"href":"https:\/\/astrotao.com\/index.php\/wp-json\/wp\/v2\/comments?post=12343"}],"version-history":[{"count":90,"href":"https:\/\/astrotao.com\/index.php\/wp-json\/wp\/v2\/pages\/12343\/revisions"}],"predecessor-version":[{"id":16885,"href":"https:\/\/astrotao.com\/index.php\/wp-json\/wp\/v2\/pages\/12343\/revisions\/16885"}],"wp:featuredmedia":[{"embeddable":true,"href":"https:\/\/astrotao.com\/index.php\/wp-json\/wp\/v2\/media\/12483"}],"wp:attachment":[{"href":"https:\/\/astrotao.com\/index.php\/wp-json\/wp\/v2\/media?parent=12343"}],"curies":[{"name":"wp","href":"https:\/\/api.w.org\/{rel}","templated":true}]}}